{"id":1922,"date":"2020-12-18T13:20:49","date_gmt":"2020-12-18T13:20:49","guid":{"rendered":"http:\/\/localhost:8888\/wordpress-bp\/?page_id=1922"},"modified":"2024-02-02T11:09:02","modified_gmt":"2024-02-02T11:09:02","slug":"gtc","status":"publish","type":"page","link":"https:\/\/bluepro.pro\/fr\/cgv\/","title":{"rendered":"CGV"},"content":{"rendered":"<h3 class=\"wp-block-heading\"><strong>CONDITIONS GENERALES DE VENTE<\/strong><\/h3>\n\n\n\n<p><strong>PR\u00c9AMBULE<\/strong><\/p>\n\n\n\n<p>La soci\u00e9t\u00e9 NewSom distribue le dispositif d'avancement mandibulaire BluePro pour le traitement du ronflement et de l'apn\u00e9e obstructive du sommeil. L'orth\u00e8se BluePro est exclusivement r\u00e9serv\u00e9e aux professionnels de sant\u00e9 : dentiste, stomatologue, ORL. NewSom ne vend pas aux consommateurs. Toute personne contrevenant \u00e0 cette disposition sera poursuivie en justice et sera responsable du pr\u00e9judice subi par NewSom de ce fait. Toute commande de produits, par \u00e9crit, par t\u00e9l\u00e9phone, fax, internet ou sur place, implique l'acceptation des Conditions G\u00e9n\u00e9rales ci-dessous. Il est pr\u00e9cis\u00e9 que les pr\u00e9sentes conditions g\u00e9n\u00e9rales peuvent \u00eatre modifi\u00e9es \u00e0 tout moment, et que la version faisant foi des Conditions G\u00e9n\u00e9rales est celle disponible sur le site Internet de la Soci\u00e9t\u00e9 \u00e0 l'adresse www.bluepro.pro\/fr\/cgv.<\/p>\n\n\n\n<p><strong>D\u00c9FINITIONS<\/strong><\/p>\n\n\n\n<p>Les mots ou expressions ci-apr\u00e8s auront dans le cadre des pr\u00e9sentes la signification suivante : Boutique Internet : d\u00e9signe le site Internet de NewSom sur lequel les Produits sont pr\u00e9sent\u00e9s et vendus aux clients. Commande : d\u00e9signe le contrat de vente conclu entre NewSom et le client de la boutique Internet de NewSom. Fiche produit : d\u00e9signe les informations class\u00e9es concernant un produit fourni par NewSom lors de la mise en vente dudit produit dans sa boutique internet. Produits : d\u00e9signe l\u2019ensemble des biens et services mis en vente par NewSom dans sa boutique internet. Service : d\u00e9signe la vente de Produits par NewSom aux clients de sa Boutique internet. Transaction : d\u00e9signe l\u2019ensemble des op\u00e9rations, traitements s\u00e9curis\u00e9s, autorisations et accords inh\u00e9rents au paiement du prix des produits command\u00e9s par carte bancaire.<\/p>\n\n\n\n<p><strong>ARTICLE 1 \u2013 OBJET<\/strong><\/p>\n\n\n\n<p>Les pr\u00e9sentes Conditions G\u00e9n\u00e9rales de Vente ont pour objet de d\u00e9finir les termes et conditions auxquels NewSom propose et vend ses Produits \u00e0 ses clients. Ces conditions g\u00e9n\u00e9rales de vente pr\u00e9vaudront sur toutes autres conditions figurant dans tout autre document, sauf d\u00e9rogation pr\u00e9alable, expresse et \u00e9crite.<\/p>\n\n\n\n<p><strong>ARTICLE 2 \u2013 ACCEPTATION DES CONDITIONS<\/strong><\/p>\n\n\n\n<p>Le client reconna\u00eet avoir pris connaissance, au moment de la passation de Commande, des pr\u00e9sentes conditions g\u00e9n\u00e9rales de vente et d\u00e9clare express\u00e9ment les accepter sans r\u00e9serve. Les pr\u00e9sentes conditions g\u00e9n\u00e9rales de vente r\u00e9gissent les relations contractuelles entre NewSom et son client, les deux parties les acceptant sans r\u00e9serve.<\/p>\n\n\n\n<p><strong>ARTICLE 3 \u2013 PRODUITS<\/strong><\/p>\n\n\n\n<p>Le vendeur se r\u00e9serve le droit d\u2019apporter \u00e0 tout moment toute modification qu\u2019il juge utile \u00e0\nses produits.<\/p>\n\n\n\n<p><strong>ARTICLE 4 \u2013 COMMANDE<\/strong><\/p>\n\n\n\n<p>Les syst\u00e8mes d\u2019enregistrement automatique sont consid\u00e9r\u00e9s comme valant preuve de la nature, du contenu et de la date de la Commande. NewSom confirmera au client l\u2019acceptation de sa Commande par l\u2019envoi d\u2019un message de confirmation \u00e0 l\u2019adresse mail que ce dernier aura communiqu\u00e9. La vente ne sera conclue qu\u2019\u00e0 compter de l\u2019envoi de ladite confirmation de commande. NewSom se r\u00e9serve le droit de refuser ou d\u2019annuler toute Commande d\u2019un client notamment en cas d\u2019insolvabilit\u00e9 dudit client ou dans l\u2019hypoth\u00e8se d\u2019un d\u00e9faut de paiement de la Commande concern\u00e9e ou d\u2019une livraison ant\u00e9rieure ou d\u2019un litige relatif au paiement d\u2019une commande ant\u00e9rieure. Les mentions indiqu\u00e9es par le client, lors de la saisie des informations inh\u00e9rentes \u00e0 sa Commande engagent celui-ci. NewSom ne saurait \u00eatre tenu responsable des erreurs commises par le client dans le libell\u00e9 des coordonn\u00e9es du destinataire de la Commande (adresse de livraison, adresse de facturation notamment) et des retards de livraison ou de l\u2019impossibilit\u00e9 de livrer les Produits command\u00e9s que ces erreurs pourraient engendrer.<\/p>\n\n\n\n<p><strong>ARTICLE \u2013 LIVRAISON<\/strong><\/p>\n\n\n\n<p>Apr\u00e8s confirmation de la Commande et sous r\u00e9serve de parfait paiement du prix des produits command\u00e9s, NewSom s\u2019engage \u00e0 exp\u00e9dier \u00e0 son client les produits command\u00e9s \u00e0 l\u2019adresse de livraison selon les d\u00e9lais suivants\u00a0: France : Livraison contre signature du destinataire sous 48h en Colissimo Hors France : Livraison contre signature du destinataire en Colissimo International. D\u00e9lai indicatif de livraison J+3 \u00e0 J+8 En cas d\u2019absence, le colis sera mis \u00e0 disposition en bureau de poste. \u00a0 Tous les Produits stipul\u00e9s dans les Commandes pass\u00e9es \u00e0 NewSom sont destin\u00e9s \u00e0 l\u2019usage professionnel des clients ou des destinataires dont le nom est mentionn\u00e9 \u00e0 l\u2019adresse de livraison. Le cas \u00e9ch\u00e9ant, le client s\u2019engage \u00e0 r\u00e9gler \u00e0 r\u00e9ception, toutes les taxes, droits, imp\u00f4ts et autres charges pr\u00e9sents et \u00e0 venir dus au titre de la livraison desdits produits eux-m\u00eames; la responsabilit\u00e9 solidaire de NewSom ne pouvant \u00e0 aucun moment \u00eatre engag\u00e9e \u00e0 ce titre. Les clients ou les destinataires des Produits s\u2019interdisent toute revente partielle ou totale des Produits. La livraison sera effectu\u00e9e par La Poste. Conform\u00e9ment aux usages de la vente par correspondance la responsabilit\u00e9 du vendeur est d\u00e9gag\u00e9e au moment de la mise en poste. Les marchandises voyagent toujours aux risques et p\u00e9rils du destinataire. Les tarifs de livraison et les taxes indiqu\u00e9s lors de la commande sur la page https:\/\/www.bluepro.pro\/panier\/ sont estim\u00e9s et seront mis \u00e0 jour au cours de la commande selon les informations de livraison et de facturation du client. Les d\u00e9lais de livraison sont indiqu\u00e9s aussi exactement que possible mais sont fonction des possibilit\u00e9s d\u2019approvisionnement et de transport du vendeur. Les d\u00e9passements de d\u00e9lai de livraison ne peuvent donner lieu \u00e0 dommages-int\u00e9r\u00eats, \u00e0 retenue ni \u00e0 annulation des commandes en cours. Toutefois, en cas de retard de livraison exc\u00e9dant sept (7) jours de la date indicative de livraison, le Client pourra, s\u2019il le souhaite, et sauf cas de force majeure, d\u00e9noncer le contrat de vente par lettre recommand\u00e9e avec demande d\u2019avis de r\u00e9ception. Ce droit devra toutefois \u00eatre exerc\u00e9 dans un d\u00e9lai de soixante (60) jours ouvr\u00e9s \u00e0 compter de la date de livraison initialement pr\u00e9vue au contrat. Sont consid\u00e9r\u00e9s notamment comme cas de force majeure d\u00e9chargeant le vendeur de son obligation de livrer : les gr\u00e8ves et l\u2019impossibilit\u00e9 d\u2019\u00eatre approvisionn\u00e9. A r\u00e9ception des Produits command\u00e9s, le client ou le destinataire devra v\u00e9rifier le bon fonctionnement du bien livr\u00e9, et prendra connaissance de ses conditions d\u2019emploi figurant sur la notice d\u2019utilisation qui lui est fournie. Dans l\u2019hypoth\u00e8se o\u00f9 l\u2019un ou plusieurs des Produits command\u00e9s seraient manquants ou d\u00e9t\u00e9rior\u00e9s, le client ou le destinataire doit faire d\u2019\u00e9ventuelles r\u00e9serves aupr\u00e8s du transporteur, au moment de la livraison. Pour des raisons de disponibilit\u00e9 des Produits command\u00e9s, une Commande pourra faire l\u2019objet de plusieurs livraisons successives au client. Dans l\u2019hypoth\u00e8se o\u00f9 le client souhaiterait que les Produits command\u00e9s soient livr\u00e9s \u00e0 deux adresses distinctes, il conviendra que ce dernier passe 2 Commandes distinctes.<\/p>\n\n\n\n<p><strong>ARTICLE 6 \u2013 PRIX<\/strong><\/p>\n\n\n\n<p>Le prix est exprim\u00e9 en euro. Le prix indiqu\u00e9 sur le site de vente ne comprend pas les frais inh\u00e9rents au transport. Le prix indiqu\u00e9 dans la confirmation de Commande est le prix d\u00e9finitif exprim\u00e9 toutes taxes comprises et incluant la TVA. Ce prix comprend le prix des Produits, les frais de manutention, d\u2019emballage et de conservation des Produits, les frais de transport et de mise en service. Les prix des Produits sont garantis jusqu\u2019\u00e0 la parution d\u2019un nouveau tarif qui remplace et annule tous les pr\u00e9c\u00e9dents.<\/p>\n\n\n\n<p><strong>ARTICLE 7 \u2013 PAIEMENT<\/strong><\/p>\n\n\n\n<p>Le prix factur\u00e9 au client est le prix indiqu\u00e9 sur la confirmation de Commande adress\u00e9e par NewSom. Le prix des Produits est payable au comptant par carte bancaire sur le site le jour de la commande effective. La Commande valid\u00e9e par le client ne sera consid\u00e9r\u00e9e comme effective que lorsque le centre de paiement bancaire s\u00e9curis\u00e9 aura donn\u00e9 son accord sur la transaction et, le cas \u00e9ch\u00e9ant, apr\u00e8s acceptation de prise en charge du risque par l\u2019assureur.<\/p>\n\n\n\n<p><strong>ARTICLE 8 : FACTURATION<\/strong><\/p>\n\n\n\n<p>Une facture est \u00e9tablie pour chaque livraison et se trouve toujours dans le colis ainsi qu\u2019un bon de livraison. Elle doit avoir \u00e9t\u00e9 r\u00e9gl\u00e9e centimes compris. La soci\u00e9t\u00e9 NewSom n\u2019accorde pas d\u2019escompte pour r\u00e8glement comptant.<\/p>\n\n\n\n<p><strong>ARTICLE 9 \u2013 LOI APPLICABLE<\/strong><\/p>\n\n\n\n<p>Les pr\u00e9sentes conditions g\u00e9n\u00e9rales de vente sont soumises au droit fran\u00e7ais.<\/p>\n\n\n\n<p><strong>ARTICLE 10 \u2013 RESPONSABILIT\u00c9<\/strong><\/p>\n\n\n\n<p>NewSom ne peut \u00eatre tenu pour responsable des dommages de toute nature, tant mat\u00e9riels qu\u2019immat\u00e9riels ou corporels, qui pourraient r\u00e9sulter d\u2019un mauvais fonctionnement ou de la mauvaise utilisation des Produits commercialis\u00e9s. Il en est de m\u00eame pour les \u00e9ventuelles modifications des Produits r\u00e9sultant des fabricants. La responsabilit\u00e9 de NewSom sera, en tout \u00e9tat de cause, limit\u00e9e au montant de la commande et ne saurait \u00eatre mise en cause pour de simples erreurs ou omissions qui auraient pu subsister malgr\u00e9 toutes les\npr\u00e9cautions prises dans la pr\u00e9sentation des produits. En cas de difficult\u00e9s dans l\u2019application du pr\u00e9sent contrat, le client et NewSom se r\u00e9servent la possibilit\u00e9, avant toute action en justice, de rechercher une solution amiable. A d\u00e9faut, pour les clients commer\u00e7ants, le Tribunal de Nantes est seul comp\u00e9tent, quels que soient le lieu de livraison et le mode de paiement accept\u00e9.<\/p>\n\n\n\n<p><strong>ARTICLE 11 \u2013 GARANTIE<\/strong><\/p>\n\n\n\n<p>Dans tous les cas NewSom ne pourra \u00eatre tenu pour responsable du non-respect des dispositions r\u00e9glementaires et l\u00e9gislatives en vigueur dans le pays de r\u00e9ception. La responsabilit\u00e9 de NewSom est syst\u00e9matiquement limit\u00e9e \u00e0 la valeur du Produit mis en cause d\u00e9termin\u00e9e \u00e0 la date de sa vente et ce sans possibilit\u00e9 de recours envers la marque ou la soci\u00e9t\u00e9 productrice du produit. En toute hypoth\u00e8se, le client b\u00e9n\u00e9ficie de la garantie l\u00e9gale d\u2019\u00e9viction et des vices cach\u00e9s pr\u00e9vue aux articles 1625 et suivants du Code Civil. Le client pourra contacter le service clients par t\u00e9l\u00e9phone +33 1 85 08 70 27 ou par mail \u00e0 l\u2019adresse hello@bluepro.pro.<\/p>\n\n\n\n<p><strong>ARTICLES 12 \u2013 INFORMATIONS<\/strong> <strong>L\u00c9GALES<\/strong><\/p>\n\n\n\n<p>Le renseignement des informations nominatives collect\u00e9es aux fins de la vente \u00e0 distance est obligatoire, ces informations \u00e9tant indispensables pour le traitement et l\u2019acheminement des commandes, l\u2019\u00e9tablissement des factures et des contrats de garantie. Le d\u00e9faut de renseignement entra\u00eene la non-validation de la Commande. Conform\u00e9ment \u00e0 la loi \u201d Informatique et Libert\u00e9s \u201c, le traitement des informations nominatives relatives aux clients a fait l\u2019objet d\u2019une d\u00e9claration (1758097) aupr\u00e8s de la Commission Nationale de l\u2019Informatique et des Libert\u00e9s (CNIL). Le client dispose (article 34 de la loi du 6 janvier 1978) d\u2019un droit d\u2019acc\u00e8s, de modification, de rectification et de suppression des donn\u00e9es qui le concernent, qu\u2019il peut exercer aupr\u00e8s de NewSom. De plus, NewSom s\u2019engage \u00e0 ne pas communiquer, gratuitement ou avec contrepartie, les coordonn\u00e9es de ses clients \u00e0 un tiers.<\/p>","protected":false},"excerpt":{"rendered":"<p>TERMS OF SALES PREAMBLE The company NewSom distributes the BluePro Mandibular Advancement Device for the treatment of snoring and obstructive sleep apnea. The BluePro orthosis is exclusively reserved for healthcare &#8230;<\/p>","protected":false},"author":1,"featured_media":0,"parent":0,"menu_order":0,"comment_status":"closed","ping_status":"closed","template":"template-fullwidth.php","meta":{"footnotes":""},"yoast_head":"<!-- This site is optimized with the Yoast SEO plugin v21.9.1 - https:\/\/yoast.com\/wordpress\/plugins\/seo\/ -->\n<title>GTC - BluePro<\/title>\n<meta name=\"robots\" content=\"index, follow, max-snippet:-1, max-image-preview:large, max-video-preview:-1\" \/>\n<link rel=\"canonical\" href=\"https:\/\/bluepro.pro\/fr\/cgv\/\" \/>\n<meta property=\"og:locale\" content=\"fr_FR\" \/>\n<meta property=\"og:type\" content=\"article\" \/>\n<meta property=\"og:title\" content=\"GTC - BluePro\" \/>\n<meta property=\"og:description\" content=\"TERMS OF SALES PREAMBLE The company NewSom distributes the BluePro Mandibular Advancement Device for the treatment of snoring and obstructive sleep apnea. The BluePro orthosis is exclusively reserved for healthcare ...\" \/>\n<meta property=\"og:url\" content=\"https:\/\/bluepro.pro\/fr\/cgv\/\" \/>\n<meta property=\"og:site_name\" content=\"BluePro\" \/>\n<meta property=\"article:modified_time\" content=\"2024-02-02T11:09:02+00:00\" \/>\n<meta property=\"og:image\" content=\"https:\/\/bluepro.pro\/wp-content\/uploads\/2020\/12\/logo-bluepro.png\" \/>\n\t<meta property=\"og:image:width\" content=\"186\" \/>\n\t<meta property=\"og:image:height\" content=\"101\" \/>\n\t<meta property=\"og:image:type\" content=\"image\/png\" \/>\n<meta name=\"twitter:card\" content=\"summary_large_image\" \/>\n<meta name=\"twitter:label1\" content=\"Dur\u00e9e de lecture estim\u00e9e\" \/>\n\t<meta name=\"twitter:data1\" content=\"8 minutes\" \/>\n<script type=\"application\/ld+json\" class=\"yoast-schema-graph\">{\"@context\":\"https:\/\/schema.org\",\"@graph\":[{\"@type\":\"WebPage\",\"@id\":\"https:\/\/bluepro.pro\/gtc\/\",\"url\":\"https:\/\/bluepro.pro\/gtc\/\",\"name\":\"GTC - BluePro\",\"isPartOf\":{\"@id\":\"https:\/\/bluepro.pro\/#website\"},\"datePublished\":\"2020-12-18T13:20:49+00:00\",\"dateModified\":\"2024-02-02T11:09:02+00:00\",\"breadcrumb\":{\"@id\":\"https:\/\/bluepro.pro\/gtc\/#breadcrumb\"},\"inLanguage\":\"fr-FR\",\"potentialAction\":[{\"@type\":\"ReadAction\",\"target\":[\"https:\/\/bluepro.pro\/gtc\/\"]}]},{\"@type\":\"BreadcrumbList\",\"@id\":\"https:\/\/bluepro.pro\/gtc\/#breadcrumb\",\"itemListElement\":[{\"@type\":\"ListItem\",\"position\":1,\"name\":\"Home\",\"item\":\"https:\/\/bluepro.pro\/\"},{\"@type\":\"ListItem\",\"position\":2,\"name\":\"GTC\"}]},{\"@type\":\"WebSite\",\"@id\":\"https:\/\/bluepro.pro\/#website\",\"url\":\"https:\/\/bluepro.pro\/\",\"name\":\"BluePro\",\"description\":\"The first-line oral appliance in snoring and Obstructive Sleep Apnea (OSA)\",\"publisher\":{\"@id\":\"https:\/\/bluepro.pro\/#organization\"},\"alternateName\":\"Bluepro - Oral appliance\",\"potentialAction\":[{\"@type\":\"SearchAction\",\"target\":{\"@type\":\"EntryPoint\",\"urlTemplate\":\"https:\/\/bluepro.pro\/?s={search_term_string}\"},\"query-input\":\"required name=search_term_string\"}],\"inLanguage\":\"fr-FR\"},{\"@type\":\"Organization\",\"@id\":\"https:\/\/bluepro.pro\/#organization\",\"name\":\"BluePro\",\"alternateName\":\"Bluepro - Mandibular advancement orthosis\",\"url\":\"https:\/\/bluepro.pro\/\",\"logo\":{\"@type\":\"ImageObject\",\"inLanguage\":\"fr-FR\",\"@id\":\"https:\/\/bluepro.pro\/#\/schema\/logo\/image\/\",\"url\":\"https:\/\/bluepro.pro\/wp-content\/uploads\/2020\/12\/logo-bluepro.png\",\"contentUrl\":\"https:\/\/bluepro.pro\/wp-content\/uploads\/2020\/12\/logo-bluepro.png\",\"width\":186,\"height\":101,\"caption\":\"BluePro\"},\"image\":{\"@id\":\"https:\/\/bluepro.pro\/#\/schema\/logo\/image\/\"},\"sameAs\":[\"https:\/\/www.linkedin.com\/company\/newsom\/\",\"https:\/\/www.instagram.com\/bluepro_fr\/\",\"https:\/\/www.tiktok.com\/@blueprofr\"]}]}<\/script>\n<!-- \/ Yoast SEO plugin. -->","yoast_head_json":{"title":"GTC - BluePro","robots":{"index":"index","follow":"follow","max-snippet":"max-snippet:-1","max-image-preview":"max-image-preview:large","max-video-preview":"max-video-preview:-1"},"canonical":"https:\/\/bluepro.pro\/fr\/cgv\/","og_locale":"fr_FR","og_type":"article","og_title":"GTC - BluePro","og_description":"TERMS OF SALES PREAMBLE The company NewSom distributes the BluePro Mandibular Advancement Device for the treatment of snoring and obstructive sleep apnea. The BluePro orthosis is exclusively reserved for healthcare ...","og_url":"https:\/\/bluepro.pro\/fr\/cgv\/","og_site_name":"BluePro","article_modified_time":"2024-02-02T11:09:02+00:00","og_image":[{"width":186,"height":101,"url":"https:\/\/bluepro.pro\/wp-content\/uploads\/2020\/12\/logo-bluepro.png","type":"image\/png"}],"twitter_card":"summary_large_image","twitter_misc":{"Dur\u00e9e de lecture estim\u00e9e":"8 minutes"},"schema":{"@context":"https:\/\/schema.org","@graph":[{"@type":"WebPage","@id":"https:\/\/bluepro.pro\/gtc\/","url":"https:\/\/bluepro.pro\/gtc\/","name":"GTC - BluePro","isPartOf":{"@id":"https:\/\/bluepro.pro\/#website"},"datePublished":"2020-12-18T13:20:49+00:00","dateModified":"2024-02-02T11:09:02+00:00","breadcrumb":{"@id":"https:\/\/bluepro.pro\/gtc\/#breadcrumb"},"inLanguage":"fr-FR","potentialAction":[{"@type":"ReadAction","target":["https:\/\/bluepro.pro\/gtc\/"]}]},{"@type":"BreadcrumbList","@id":"https:\/\/bluepro.pro\/gtc\/#breadcrumb","itemListElement":[{"@type":"ListItem","position":1,"name":"Home","item":"https:\/\/bluepro.pro\/"},{"@type":"ListItem","position":2,"name":"GTC"}]},{"@type":"WebSite","@id":"https:\/\/bluepro.pro\/#website","url":"https:\/\/bluepro.pro\/","name":"BluePro","description":"The first-line oral appliance in snoring and Obstructive Sleep Apnea (OSA)","publisher":{"@id":"https:\/\/bluepro.pro\/#organization"},"alternateName":"Bluepro - Oral appliance","potentialAction":[{"@type":"SearchAction","target":{"@type":"EntryPoint","urlTemplate":"https:\/\/bluepro.pro\/?s={search_term_string}"},"query-input":"required name=search_term_string"}],"inLanguage":"fr-FR"},{"@type":"Organization","@id":"https:\/\/bluepro.pro\/#organization","name":"BluePro","alternateName":"Bluepro - Mandibular advancement orthosis","url":"https:\/\/bluepro.pro\/","logo":{"@type":"ImageObject","inLanguage":"fr-FR","@id":"https:\/\/bluepro.pro\/#\/schema\/logo\/image\/","url":"https:\/\/bluepro.pro\/wp-content\/uploads\/2020\/12\/logo-bluepro.png","contentUrl":"https:\/\/bluepro.pro\/wp-content\/uploads\/2020\/12\/logo-bluepro.png","width":186,"height":101,"caption":"BluePro"},"image":{"@id":"https:\/\/bluepro.pro\/#\/schema\/logo\/image\/"},"sameAs":["https:\/\/www.linkedin.com\/company\/newsom\/","https:\/\/www.instagram.com\/bluepro_fr\/","https:\/\/www.tiktok.com\/@blueprofr"]}]}},"_links":{"self":[{"href":"https:\/\/bluepro.pro\/fr\/wp-json\/wp\/v2\/pages\/1922"}],"collection":[{"href":"https:\/\/bluepro.pro\/fr\/wp-json\/wp\/v2\/pages"}],"about":[{"href":"https:\/\/bluepro.pro\/fr\/wp-json\/wp\/v2\/types\/page"}],"author":[{"embeddable":true,"href":"https:\/\/bluepro.pro\/fr\/wp-json\/wp\/v2\/users\/1"}],"replies":[{"embeddable":true,"href":"https:\/\/bluepro.pro\/fr\/wp-json\/wp\/v2\/comments?post=1922"}],"version-history":[{"count":7,"href":"https:\/\/bluepro.pro\/fr\/wp-json\/wp\/v2\/pages\/1922\/revisions"}],"predecessor-version":[{"id":3148,"href":"https:\/\/bluepro.pro\/fr\/wp-json\/wp\/v2\/pages\/1922\/revisions\/3148"}],"wp:attachment":[{"href":"https:\/\/bluepro.pro\/fr\/wp-json\/wp\/v2\/media?parent=1922"}],"curies":[{"name":"wp","href":"https:\/\/api.w.org\/{rel}","templated":true}]}}