{"id":1583,"date":"2020-12-15T09:04:34","date_gmt":"2020-12-15T09:04:34","guid":{"rendered":"http:\/\/localhost:8888\/wordpress-bp\/?post_type=product&#038;p=1583"},"modified":"2024-08-31T21:14:55","modified_gmt":"2024-08-31T21:14:55","slug":"mandibular-advancement-device","status":"publish","type":"product","link":"https:\/\/bluepro.pro\/fr\/shop\/orthese-avancee-mandibulaire\/","title":{"rendered":"Orth\u00e8se avanc\u00e9e mandibulaire BluePro\u00ae pour le ronflement et l'apn\u00e9e du sommeil"},"content":{"rendered":"<h4>L'orth\u00e8se d'avanc\u00e9e mandibulaire personnalisable et r\u00e9glable le jour-m\u00eame, r\u00e9alis\u00e9e au fauteuil par un professionnel de sant\u00e9.<\/h4>\n<p>L'orth\u00e8se d'avanc\u00e9e mandibulaire BluePro est fabriqu\u00e9e \u00e0 partir d'un mat\u00e9riau thermoplastique r\u00e9glable et personnalisable. Son prix et sa facilit\u00e9 de mise en place font de BluePro l'orth\u00e8se mandibulaire id\u00e9ale pour la prise en charge du ronflement ou de l'apn\u00e9e obstructive du sommeil.<\/p>\n<p>BluePro est un dispositif m\u00e9dical con\u00e7u pour tester quelle est la meilleure option th\u00e9rapeutique en cas d'apn\u00e9e obstructive du sommeil et\/ou de ronflement. BlueSom recommande d'\u00e9valuer les r\u00e9sultats du test de l'appareil buccal sur une p\u00e9riode de 1 \u00e0 3 mois pour d\u00e9terminer un titrage correct.<\/p>\n<p>L'orth\u00e8se d'avanc\u00e9e mandibulaire est pr\u00eate \u00e0 \u00eatre utilis\u00e9e.<\/p>\n<p><strong>Inclus dans votre commande Bluepro :<\/strong><\/p>\n<ul>\n<li>1 orth\u00e8se d'avanc\u00e9e mandibulaire thermoformable BluePro<\/li>\n<li>1 boite de rangement<\/li>\n<li>1 notice d'utilisation<\/li>\n<\/ul>\n<p>&nbsp;<\/p>\n<h3><\/h3>\n<h3 style=\"text-align: center;\">Comment mettre en place l'orthese d'avanc\u00e9e mandibulaire Bluepro ?<\/h3>\n<p style=\"text-align: center;\"><iframe loading=\"lazy\" title=\"Vid\u00e9o de pr\u00e9sentation Youtube\" src=\"https:\/\/www.youtube.com\/embed\/Ay7iHM4nfb8?si=nfRSwKlmsBqk4G7A\" width=\"560\" height=\"315\" frameborder=\"0\" allowfullscreen=\"allowfullscreen\"><\/iframe><\/p>\n<p>&nbsp;<\/p>\n<h3 style=\"text-align: left;\">Qu'est-ce qu'une orth\u00e8se d'avanc\u00e9e mandibulaire ?<\/h3>\n<p>L'apn\u00e9e obstructive du sommeil (SAHOS) est l'un des troubles du sommeil les plus courants. L'orth\u00e8se d'avanc\u00e9e mandibulaire est principalement prescrite pour traiter les troubles respiratoires du sommeil, en particulier l'apn\u00e9e obstructive du sommeil (AOS) et le ronflement.<\/p>\n<p>Un dispositif d'avanc\u00e9e mandibulaire ou orth\u00e8se anti-ronflement est une orth\u00e8se dentaire port\u00e9e pendant la nuit pour \u00e9viter les ronflements. Les orth\u00e8ses d\u2019avanc\u00e9e mandibulaire sont fabriqu\u00e9es \u00e0 partir de mat\u00e9riaux m\u00e9dicaux sp\u00e9cifiques pour pr\u00e9venir les effets secondaires. Une orth\u00e8se d'avanc\u00e9e mandibulaire est une solution anti-ronflement id\u00e9ale et simple d\u2019utilisation.<\/p>\n<h4><\/h4>\n<h4 style=\"text-align: left;\">Indications du traitement :<\/h4>\n<ul>\n<li>M\u00e2choire en arri\u00e8re (r\u00e9trognathie du menton)<\/li>\n<li>Ronflement continu et bruyant<\/li>\n<li>Ronflement dans toutes les positions<\/li>\n<li>Syndrome d'apn\u00e9es obstructives du sommeil l\u00e9ger \u00e0 mod\u00e9r\u00e9<\/li>\n<li>Intol\u00e9rance au traitement par pression positive continue (CPAP\/PPC)<\/li>\n<\/ul>\n<p>Ces troubles sont souvent associ\u00e9s \u00e0 un rel\u00e2chement des muscles de la gorge pendant le sommeil, entra\u00eenant un r\u00e9tr\u00e9cissement ou un blocage des voies respiratoires. L'orth\u00e8se fonctionne en maintenant la m\u00e2choire inf\u00e9rieure en position avanc\u00e9e pendant le sommeil, emp\u00eachant ainsi l'obstruction des voies respiratoires.<\/p>\n<p>Les indications sp\u00e9cifiques du dispositif d'avanc\u00e9e mandibulaire incluent les cas d'apn\u00e9e du sommeil l\u00e9g\u00e8re \u00e0 mod\u00e9r\u00e9e, ainsi que les situations dans lesquelles d'autres traitements comme la th\u00e9rapie par pression positive continue (CPAP) sont mal tol\u00e9r\u00e9s ou inefficaces. Les patients souffrant de troubles importants, mais sans apn\u00e9e du sommeil s\u00e9v\u00e8re, peuvent \u00e9galement b\u00e9n\u00e9ficier de cette orth\u00e8se mandibulaire.<\/p>\n<p>L'appareil est con\u00e7u pour d\u00e9gager les voies respiratoires sup\u00e9rieures et faciliter la circulation de l'air pendant le sommeil en avan\u00e7ant la mandibule inf\u00e9rieure de quelques millim\u00e8tres.<\/p>\n<h4><\/h4>\n<h4>Quels b\u00e9n\u00e9fices d'utiliser notre orth\u00e9se mandibulaire pour le patient ?<\/h4>\n<ul>\n<li>L'orthese d'avanc\u00e9e mandibulaire Bluepro est adaptable \u00e0 toutes morphologies dentaires<\/li>\n<li>Ajustement parfait et confortable en bouche<\/li>\n<li>Libert\u00e9 de mouvement des m\u00e2choires<\/li>\n<li>Aucune tension sur les dents<\/li>\n<\/ul>\n<h4><\/h4>\n<h4>Entretien de l'orth\u00e8se d'avanc\u00e9e mandibulaire Bluepro<\/h4>\n<p>BluePro, une orth\u00e8se facile \u00e0 entretenir<\/p>\n<p>L'entretien de l'orth\u00e8se mandibulaire BluePro est simple :<\/p>\n<ul>\n<li>Nettoyer \u00e0 l'eau froide, avec une brosse \u00e0 dents souple et le dentifrice habituel du patient<\/li>\n<li>Immerger BluePro dans une solution d\u00e9tartrante et nettoyante pour proth\u00e8se dentaire<\/li>\n<li>S\u00e9cher \u00e0 l'air libre. Veiller \u00e0 ce que BluePro soit parfaitement s\u00e8che avant de la ranger dans son \u00e9tui.<\/li>\n<\/ul>\n<p>&nbsp;<\/p>\n<h3>Pourquoi choisir notre orth\u00e8se d'avancement mandibulaire ?<\/h3>\n<p>Choisir une orth\u00e8se d'avancement mandibulaire Bluepro peut offrir plusieurs avantages aux personnes souffrant de pathologies telles que l'apn\u00e9e obstructive du sommeil (AOS) ou le ronflement :<\/p>\n<ol>\n<li>Traitement non invasif : contrairement \u00e0 certains autres traitements de l'apn\u00e9e du sommeil, tels que les appareils \u00e0 pression positive continue (CPAP), les orth\u00e8ses d'avancement mandibulaire sont non invasives. Elles ne n\u00e9cessitent pas de port de masque ni d\u2019utilisation de machines pendant le sommeil.<\/li>\n<li>Am\u00e9liorer la qualit\u00e9 du sommeil : en avan\u00e7ant la m\u00e2choire inf\u00e9rieure vers l'avant, l'orthese mandibulaire aide \u00e0 maintenir les voies respiratoires ouvertes pendant le sommeil, r\u00e9duisant ainsi la fr\u00e9quence des pauses respiratoires et des ronflements. Cela peut conduire \u00e0 une am\u00e9lioration de la qualit\u00e9 du sommeil.<\/li>\n<li>Confort : de nombreuses personnes trouvent que les orth\u00e8ses d\u2019avancement mandibulaire sont plus confortables \u00e0 utiliser que les appareils CPAP. Elles sont g\u00e9n\u00e9ralement adapt\u00e9es \u00e0 la bouche du patient, ce qui peut am\u00e9liorer le confort et r\u00e9duire les irritations.<\/li>\n<li>Facilit\u00e9 de transport : les orth\u00e8ses d'avanc\u00e9e mandibulaire sont g\u00e9n\u00e9ralement petites et faciles \u00e0 transporter, ce qui les rend pratiques pour les d\u00e9placements. Elles ne n\u00e9cessitent ni \u00e9lectricit\u00e9 ni accessoires sp\u00e9ciaux.<\/li>\n<li>Personnalisable : l\u2019orth\u00e8se d'avanc\u00e9e mandibulaire est adapt\u00e9e \u00e0 la bouche de chaque individu, garantissant ainsi un ajustement appropri\u00e9 et maximisant son efficacit\u00e9. Elles peuvent \u00e9galement \u00eatre ajust\u00e9s selon les besoins pour permettre un confort optimal au patient.<\/li>\n<li>Utilisation sur le long terme : en raison de leur confort et de leur facilit\u00e9 d'utilisation, certains patients peuvent trouver plus facile d'adh\u00e9rer au traitement par appareils bucco-dentaires par rapport \u00e0 d'autres options de traitement, ce qui entra\u00eene une meilleure tol\u00e9rance et de meilleurs r\u00e9sultats \u00e0 long terme.<\/li>\n<\/ol>\n<p>Il est important pour les personnes qui envisagent l'utilisation d'une orth\u00e8se d\u2019avanc\u00e9e mandibulaire de consulter un professionnel de la sant\u00e9, tel qu\u2019un dentiste ou un sp\u00e9cialiste du sommeil, afin de d\u00e9terminer si c\u2019est la bonne option de traitement pour leurs besoins. De plus, un ajustement fr\u00e9quent et des soins de suivi sont cruciaux pour garantir l\u2019efficacit\u00e9 de la th\u00e9rapie par orth\u00e8se d\u2019avancee mandibulaire.<\/p>","protected":false},"excerpt":{"rendered":"<p>L'orth\u00e8se d'avanc\u00e9e mandibulaire Bluepro est une nouvelle orth\u00e8se thermoformable, une innovation contre le ronflement et l'apn\u00e9e obstructive du sommeil. Afin d'apporter au patient la meilleure expertise en mati\u00e8re de diagnostic et de mise en \u0153uvre, l'installation des orth\u00e8ses Bluepro est exclusivement r\u00e9serv\u00e9e aux professionnels de sant\u00e9.<\/p>\n<p>La pose est simple :<\/p>\n<ul>\n<li>Immersion et refroidissement<\/li>\n<li>Empreintes directes<\/li>\n<li>Finition<\/li>\n<li>Assemblage et r\u00e9glage<\/li>\n<\/ul>\n<p>L\u2019orth\u00e8se d'avanc\u00e9e mandibulaire Bluepro offre une solution th\u00e9rapeutique efficace et imm\u00e9diate \u00e0 vos patients, son installation ne prendra que quelques minutes.<\/p>\n<p><strong>Pour toute commande de plus de 10 orth\u00e8ses, la livraison est offerte.<\/strong><\/p>","protected":false},"featured_media":3307,"template":"","meta":[],"product_cat":[39],"product_tag":[48,53,51,49,50,54,52,55],"yoast_head":"<!-- This site is optimized with the Yoast SEO plugin v21.9.1 - https:\/\/yoast.com\/wordpress\/plugins\/seo\/ -->\n<title>Mandibular advancement device BluePro\u00ae for snoring and obstructive sleep apnea<\/title>\n<meta name=\"description\" content=\"Bluepro mandibular advancement device, an effective solution for the management of snoring or obstructive sleep apnea.\" \/>\n<meta name=\"robots\" content=\"index, follow, max-snippet:-1, max-image-preview:large, max-video-preview:-1\" \/>\n<link rel=\"canonical\" href=\"https:\/\/bluepro.pro\/fr\/shop\/orthese-avancee-mandibulaire\/\" \/>\n<meta property=\"og:locale\" content=\"fr_FR\" \/>\n<meta property=\"og:type\" content=\"article\" \/>\n<meta property=\"og:title\" content=\"Mandibular advancement device BluePro\u00ae for snoring and obstructive sleep apnea\" \/>\n<meta property=\"og:description\" content=\"Bluepro mandibular advancement device, an effective solution for the management of snoring or obstructive sleep apnea.\" \/>\n<meta property=\"og:url\" content=\"https:\/\/bluepro.pro\/fr\/shop\/orthese-avancee-mandibulaire\/\" \/>\n<meta property=\"og:site_name\" content=\"BluePro\" \/>\n<meta property=\"article:modified_time\" content=\"2024-08-31T21:14:55+00:00\" \/>\n<meta property=\"og:image\" content=\"https:\/\/bluepro.pro\/wp-content\/uploads\/2020\/12\/mandibular-advancement-device.png\" \/>\n\t<meta property=\"og:image:width\" content=\"600\" \/>\n\t<meta property=\"og:image:height\" content=\"600\" \/>\n\t<meta property=\"og:image:type\" content=\"image\/png\" \/>\n<meta name=\"twitter:card\" content=\"summary_large_image\" \/>\n<meta name=\"twitter:label1\" content=\"Dur\u00e9e de lecture estim\u00e9e\" \/>\n\t<meta name=\"twitter:data1\" content=\"4 minutes\" \/>\n<script type=\"application\/ld+json\" class=\"yoast-schema-graph\">{\"@context\":\"https:\/\/schema.org\",\"@graph\":[{\"@type\":\"WebPage\",\"@id\":\"https:\/\/bluepro.pro\/shop\/mandibular-advancement-device\/\",\"url\":\"https:\/\/bluepro.pro\/shop\/mandibular-advancement-device\/\",\"name\":\"Mandibular advancement device BluePro\u00ae for snoring and obstructive sleep apnea\",\"isPartOf\":{\"@id\":\"https:\/\/bluepro.pro\/#website\"},\"datePublished\":\"2020-12-15T09:04:34+00:00\",\"dateModified\":\"2024-08-31T21:14:55+00:00\",\"description\":\"Bluepro mandibular advancement device, an effective solution for the management of snoring or obstructive sleep apnea.\",\"breadcrumb\":{\"@id\":\"https:\/\/bluepro.pro\/shop\/mandibular-advancement-device\/#breadcrumb\"},\"inLanguage\":\"fr-FR\",\"potentialAction\":[{\"@type\":\"ReadAction\",\"target\":[\"https:\/\/bluepro.pro\/shop\/mandibular-advancement-device\/\"]}]},{\"@type\":\"BreadcrumbList\",\"@id\":\"https:\/\/bluepro.pro\/shop\/mandibular-advancement-device\/#breadcrumb\",\"itemListElement\":[{\"@type\":\"ListItem\",\"position\":1,\"name\":\"Home\",\"item\":\"https:\/\/bluepro.pro\/\"},{\"@type\":\"ListItem\",\"position\":2,\"name\":\"Shop\",\"item\":\"https:\/\/bluepro.pro\/shop\/\"},{\"@type\":\"ListItem\",\"position\":3,\"name\":\"Mandibular advancement device BluePro\u00ae for snoring and obstructive sleep apnea\"}]},{\"@type\":\"WebSite\",\"@id\":\"https:\/\/bluepro.pro\/#website\",\"url\":\"https:\/\/bluepro.pro\/\",\"name\":\"BluePro\",\"description\":\"The first-line oral appliance in snoring and Obstructive Sleep Apnea (OSA)\",\"publisher\":{\"@id\":\"https:\/\/bluepro.pro\/#organization\"},\"alternateName\":\"Bluepro - Oral appliance\",\"potentialAction\":[{\"@type\":\"SearchAction\",\"target\":{\"@type\":\"EntryPoint\",\"urlTemplate\":\"https:\/\/bluepro.pro\/?s={search_term_string}\"},\"query-input\":\"required name=search_term_string\"}],\"inLanguage\":\"fr-FR\"},{\"@type\":\"Organization\",\"@id\":\"https:\/\/bluepro.pro\/#organization\",\"name\":\"BluePro\",\"alternateName\":\"Bluepro - Mandibular advancement orthosis\",\"url\":\"https:\/\/bluepro.pro\/\",\"logo\":{\"@type\":\"ImageObject\",\"inLanguage\":\"fr-FR\",\"@id\":\"https:\/\/bluepro.pro\/#\/schema\/logo\/image\/\",\"url\":\"https:\/\/bluepro.pro\/wp-content\/uploads\/2020\/12\/logo-bluepro.png\",\"contentUrl\":\"https:\/\/bluepro.pro\/wp-content\/uploads\/2020\/12\/logo-bluepro.png\",\"width\":186,\"height\":101,\"caption\":\"BluePro\"},\"image\":{\"@id\":\"https:\/\/bluepro.pro\/#\/schema\/logo\/image\/\"},\"sameAs\":[\"https:\/\/www.linkedin.com\/company\/newsom\/\",\"https:\/\/www.instagram.com\/bluepro_fr\/\",\"https:\/\/www.tiktok.com\/@blueprofr\"]}]}<\/script>\n<!-- \/ Yoast SEO plugin. -->","yoast_head_json":{"title":"Mandibular advancement device BluePro\u00ae for snoring and obstructive sleep apnea","description":"Bluepro mandibular advancement device, an effective solution for the management of snoring or obstructive sleep apnea.","robots":{"index":"index","follow":"follow","max-snippet":"max-snippet:-1","max-image-preview":"max-image-preview:large","max-video-preview":"max-video-preview:-1"},"canonical":"https:\/\/bluepro.pro\/fr\/shop\/orthese-avancee-mandibulaire\/","og_locale":"fr_FR","og_type":"article","og_title":"Mandibular advancement device BluePro\u00ae for snoring and obstructive sleep apnea","og_description":"Bluepro mandibular advancement device, an effective solution for the management of snoring or obstructive sleep apnea.","og_url":"https:\/\/bluepro.pro\/fr\/shop\/orthese-avancee-mandibulaire\/","og_site_name":"BluePro","article_modified_time":"2024-08-31T21:14:55+00:00","og_image":[{"width":600,"height":600,"url":"https:\/\/bluepro.pro\/wp-content\/uploads\/2020\/12\/mandibular-advancement-device.png","type":"image\/png"}],"twitter_card":"summary_large_image","twitter_misc":{"Dur\u00e9e de lecture estim\u00e9e":"4 minutes"},"schema":{"@context":"https:\/\/schema.org","@graph":[{"@type":"WebPage","@id":"https:\/\/bluepro.pro\/shop\/mandibular-advancement-device\/","url":"https:\/\/bluepro.pro\/shop\/mandibular-advancement-device\/","name":"Mandibular advancement device BluePro\u00ae for snoring and obstructive sleep apnea","isPartOf":{"@id":"https:\/\/bluepro.pro\/#website"},"datePublished":"2020-12-15T09:04:34+00:00","dateModified":"2024-08-31T21:14:55+00:00","description":"Bluepro mandibular advancement device, an effective solution for the management of snoring or obstructive sleep apnea.","breadcrumb":{"@id":"https:\/\/bluepro.pro\/shop\/mandibular-advancement-device\/#breadcrumb"},"inLanguage":"fr-FR","potentialAction":[{"@type":"ReadAction","target":["https:\/\/bluepro.pro\/shop\/mandibular-advancement-device\/"]}]},{"@type":"BreadcrumbList","@id":"https:\/\/bluepro.pro\/shop\/mandibular-advancement-device\/#breadcrumb","itemListElement":[{"@type":"ListItem","position":1,"name":"Home","item":"https:\/\/bluepro.pro\/"},{"@type":"ListItem","position":2,"name":"Shop","item":"https:\/\/bluepro.pro\/shop\/"},{"@type":"ListItem","position":3,"name":"Mandibular advancement device BluePro\u00ae for snoring and obstructive sleep apnea"}]},{"@type":"WebSite","@id":"https:\/\/bluepro.pro\/#website","url":"https:\/\/bluepro.pro\/","name":"BluePro","description":"The first-line oral appliance in snoring and Obstructive Sleep Apnea (OSA)","publisher":{"@id":"https:\/\/bluepro.pro\/#organization"},"alternateName":"Bluepro - Oral appliance","potentialAction":[{"@type":"SearchAction","target":{"@type":"EntryPoint","urlTemplate":"https:\/\/bluepro.pro\/?s={search_term_string}"},"query-input":"required name=search_term_string"}],"inLanguage":"fr-FR"},{"@type":"Organization","@id":"https:\/\/bluepro.pro\/#organization","name":"BluePro","alternateName":"Bluepro - Mandibular advancement orthosis","url":"https:\/\/bluepro.pro\/","logo":{"@type":"ImageObject","inLanguage":"fr-FR","@id":"https:\/\/bluepro.pro\/#\/schema\/logo\/image\/","url":"https:\/\/bluepro.pro\/wp-content\/uploads\/2020\/12\/logo-bluepro.png","contentUrl":"https:\/\/bluepro.pro\/wp-content\/uploads\/2020\/12\/logo-bluepro.png","width":186,"height":101,"caption":"BluePro"},"image":{"@id":"https:\/\/bluepro.pro\/#\/schema\/logo\/image\/"},"sameAs":["https:\/\/www.linkedin.com\/company\/newsom\/","https:\/\/www.instagram.com\/bluepro_fr\/","https:\/\/www.tiktok.com\/@blueprofr"]}]}},"_links":{"self":[{"href":"https:\/\/bluepro.pro\/fr\/wp-json\/wp\/v2\/product\/1583"}],"collection":[{"href":"https:\/\/bluepro.pro\/fr\/wp-json\/wp\/v2\/product"}],"about":[{"href":"https:\/\/bluepro.pro\/fr\/wp-json\/wp\/v2\/types\/product"}],"wp:featuredmedia":[{"embeddable":true,"href":"https:\/\/bluepro.pro\/fr\/wp-json\/wp\/v2\/media\/3307"}],"wp:attachment":[{"href":"https:\/\/bluepro.pro\/fr\/wp-json\/wp\/v2\/media?parent=1583"}],"wp:term":[{"taxonomy":"product_cat","embeddable":true,"href":"https:\/\/bluepro.pro\/fr\/wp-json\/wp\/v2\/product_cat?post=1583"},{"taxonomy":"product_tag","embeddable":true,"href":"https:\/\/bluepro.pro\/fr\/wp-json\/wp\/v2\/product_tag?post=1583"}],"curies":[{"name":"wp","href":"https:\/\/api.w.org\/{rel}","templated":true}]}}