{"id":2293,"date":"2021-04-06T16:52:30","date_gmt":"2021-04-06T15:52:30","guid":{"rendered":"https:\/\/bluepro.pro\/?post_type=product&#038;p=2293"},"modified":"2024-12-03T09:13:55","modified_gmt":"2024-12-03T09:13:55","slug":"display-model-anti-snoring-mouth-gard","status":"publish","type":"product","link":"https:\/\/bluepro.pro\/fr\/shop\/machoire-presentation-equipee-bluepro\/","title":{"rendered":"Mod\u00e8le de pr\u00e9sentation BluePro\u00ae pr\u00e9-\u00e9quip\u00e9 de l'orth\u00e8se anti-ronflement"},"content":{"rendered":"<h4>L'orth\u00e8se d'avanc\u00e9e mandibulaire personnalisable et r\u00e9glable le jour-m\u00eame, r\u00e9alis\u00e9e au fauteuil par un professionnel de sant\u00e9.<\/h4>\n<p>&nbsp;<\/p>\n<h5><strong>L'avantage BluePro :<\/strong><\/h5>\n<p>\u00c0 la pointe de l\u2019innovation en mati\u00e8re de technologie anti-ronflement, BluePro\u00ae propose une approche globale pour r\u00e9soudre les probl\u00e8mes de ronflement et d'apn\u00e9e du sommeil. Con\u00e7u avec pr\u00e9cision et soutenu par la recherche scientifique, BluePro cible les causes sous-jacentes du ronflement, offrant un soulagement efficace et durable.<\/p>\n<h5><strong>Une efficacit\u00e9 d\u00e9montr\u00e9e :<\/strong><\/h5>\n<p>La m\u00e2choire de pr\u00e9sentation anti-ronflement pr\u00e9-\u00e9quip\u00e9 vous permet de pr\u00e9senter facilement sa fonctionnalit\u00e9 et son efficacit\u00e9 \u00e0 vos clients. Que vous organisiez des s\u00e9minaires \u00e9ducatifs, des consultations clients ou des d\u00e9monstrations, ce mod\u00e8le de pr\u00e9sentation constitue un outil puissant pour illustrer directement les avantages de BluePro.<\/p>\n<h5><strong>Principales caract\u00e9ristiques et avantages :<\/strong><\/h5>\n<ol>\n<li><strong>Facilit\u00e9 d'utilisation :<\/strong> Dites au revoir \u00e0 la complexit\u00e9 de pose. Le mod\u00e8le de pr\u00e9sentation est pr\u00e9-\u00e9quip\u00e9 de l'orth\u00e8se BluePro\u00ae, facilitant le processus de d\u00e9monstration et permettant de gagner un temps pr\u00e9cieux.<\/li>\n<li><strong>Illustration claire des fonctionnalit\u00e9s :<\/strong> Avec sa conception transparente, le mod\u00e8le de d\u00e9monstration offre une vue claire de la fa\u00e7on dont BluePro\u00ae fonctionne pour repositionner la m\u00e2choire et soulager le ronflement, permettant \u00e0 vos clients de comprendre son m\u00e9canisme et son efficacit\u00e9.<\/li>\n<li><strong>Outil p\u00e9dagogique :<\/strong> Am\u00e9liorez vos pr\u00e9sentations et s\u00e9ances \u00e9ducatives avec une d\u00e9monstration concr\u00eate de la technologie anti-ronflement. Le mod\u00e8le de pr\u00e9sentation BluePro\u00ae facilite les exp\u00e9riences d'apprentissage interactives, permettant \u00e0 vos clients de prendre des d\u00e9cisions \u00e9clair\u00e9es concernant leur sant\u00e9 du sommeil.<\/li>\n<li><strong>Qualit\u00e9 professionnelle :<\/strong> Fabriqu\u00e9 \u00e0 partir de mat\u00e9riaux de haute qualit\u00e9, le mod\u00e8le de d\u00e9monstration est durable et con\u00e7u pour r\u00e9sister \u00e0 une utilisation fr\u00e9quente en milieu professionnel. Son design \u00e9pur\u00e9 et moderne ajoute une touche professionnelle \u00e0 vos d\u00e9monstrations, laissant une impression durable \u00e0 vos clients.<\/li>\n<li><strong>Support complet :<\/strong> B\u00e9n\u00e9ficiant de l'expertise de l'\u00e9quipe BluePro, la m\u00e2choire de pr\u00e9sentation BluePro\u00ae est accompagn\u00e9e de ressources compl\u00e8tes pour garantir que vous disposez de tout ce dont vous avez besoin pour r\u00e9aliser des d\u00e9monstrations percutantes.<\/li>\n<\/ol>\n<h5><strong>R\u00e9ussissez vos d\u00e9monstrations avec Bluepro :<\/strong><\/h5>\n<p>Transformez la fa\u00e7on dont vous pr\u00e9sentez les solutions anti-ronflement avec la m\u00e2choire de d\u00e9monstration BluePro\u00ae. \u00c9quipez-vous de la puissance de la technologie BluePro et permettez \u00e0 vos clients de profiter de nuits reposantes et de matin\u00e9es revitalis\u00e9es. Investissez dans l\u2019avenir de la sant\u00e9 du sommeil et faites une diff\u00e9rence durable dans la vie de vos patients.<\/p>\n<p>&nbsp;<\/p>\n<h3 style=\"text-align: center;\">Comment mettre en place une orthese d'avanc\u00e9e mandibulaire Bluepro ?<\/h3>\n<p style=\"text-align: center;\"><iframe loading=\"lazy\" title=\"Vid\u00e9o de pr\u00e9sentation Youtube\" src=\"https:\/\/www.youtube.com\/embed\/Ay7iHM4nfb8?si=nfRSwKlmsBqk4G7A\" width=\"560\" height=\"315\" frameborder=\"0\" allowfullscreen=\"allowfullscreen\" data-mce-fragment=\"1\"><\/iframe><\/p>\n<p>&nbsp;<\/p>\n<p>Lors de l\u2019endormissement, les muscles et les tissus mous du palais et de la luette se d\u00e9tendent et provoquent un r\u00e9tr\u00e9cissement des voies respiratoires.<\/p>\n<p>Survenant pendant le sommeil, le ronflement est un bruit se produisant lors de l'inspiration. C'est la cons\u00e9quence d'une vibration provoqu\u00e9e par le passage de l'air \u00e0 travers les tissus d\u00e9tendus.<\/p>\n<p><strong>Quelle solution pour am\u00e9liorer le passage de l'air et aider \u00e0 stopper le ronflement ?<\/strong><\/p>\n<p>L'orth\u00e8se mandibulaire est un dispositif m\u00e9dical destin\u00e9 \u00e0 r\u00e9duire les ronflements et \u00e0 procurer un sommeil r\u00e9parateur gr\u00e2ce \u00e0 son action m\u00e9canique sur la gorge, d\u00e9gageant le pharynx et favorisant le passage de l'air.<\/p>\n<p>En maintenant la m\u00e2choire inf\u00e9rieure dans une position l\u00e9g\u00e8rement avanc\u00e9e (quelques millim\u00e8tres), les voies respiratoires vont s'ouvrir, permettant le passage de l'air inspir\u00e9.<\/p>","protected":false},"excerpt":{"rendered":"<p>Pr\u00e9sentation du mod\u00e8le de d\u00e9monstration professionnel \u00e9quip\u00e9 de l'orth\u00e8se Bluepro : la cl\u00e9 pour une solution anti-ronflement efficace.<\/p>\n<p>\u00cates-vous un professionnel de la sant\u00e9, un sp\u00e9cialiste du sommeil ou un d\u00e9taillant souhaitant offrir \u00e0 vos clients des solutions de pointe pour lutter contre le ronflement et am\u00e9liorer la qualit\u00e9 du sommeil ? Ne cherchez pas plus loin, le mod\u00e8le de d\u00e9monstration professionnel BluePro \u00e9quip\u00e9 de l'orth\u00e8se mandibulaire anti-ronflement est la solution pour vos patients !<\/p>\n<p>Inclus dans votre commande Bluepro :<\/p>\n<ul>\n<li>1 orth\u00e8se d'avanc\u00e9e mandibulaire thermoformable BluePro<\/li>\n<li>1 m\u00e2choire de pr\u00e9sentation<\/li>\n<li>1 boite de rangement<\/li>\n<li>1 notice d'utilisation<\/li>\n<\/ul>\n<p>&nbsp;<\/p>","protected":false},"featured_media":3306,"template":"","meta":[],"product_cat":[39],"product_tag":[48,53,51,49,50,54,55],"yoast_head":"<!-- This site is optimized with the Yoast SEO plugin v21.9.1 - https:\/\/yoast.com\/wordpress\/plugins\/seo\/ -->\n<title>Display model pre-fitted with BluePro\u00ae anti-snoring mouth guard<\/title>\n<meta name=\"description\" content=\"Discover our display model, anti-snoring mouth guard pre-fitted for ultimate comfort and effective snoring relief. Peaceful nights with our BluePro orthesis.\" \/>\n<meta name=\"robots\" content=\"index, follow, max-snippet:-1, max-image-preview:large, max-video-preview:-1\" \/>\n<link rel=\"canonical\" href=\"https:\/\/bluepro.pro\/fr\/shop\/machoire-presentation-equipee-bluepro\/\" \/>\n<meta property=\"og:locale\" content=\"fr_FR\" \/>\n<meta property=\"og:type\" content=\"article\" \/>\n<meta property=\"og:title\" content=\"Display model pre-fitted with BluePro\u00ae anti-snoring mouth guard\" \/>\n<meta property=\"og:description\" content=\"Discover our display model, anti-snoring mouth guard pre-fitted for ultimate comfort and effective snoring relief. Peaceful nights with our BluePro orthesis.\" \/>\n<meta property=\"og:url\" content=\"https:\/\/bluepro.pro\/fr\/shop\/machoire-presentation-equipee-bluepro\/\" \/>\n<meta property=\"og:site_name\" content=\"BluePro\" \/>\n<meta property=\"article:modified_time\" content=\"2024-12-03T09:13:55+00:00\" \/>\n<meta property=\"og:image\" content=\"https:\/\/bluepro.pro\/wp-content\/uploads\/2020\/12\/Display-model-Bluepro.png\" \/>\n\t<meta property=\"og:image:width\" content=\"600\" \/>\n\t<meta property=\"og:image:height\" content=\"600\" \/>\n\t<meta property=\"og:image:type\" content=\"image\/png\" \/>\n<meta name=\"twitter:card\" content=\"summary_large_image\" \/>\n<meta name=\"twitter:label1\" content=\"Dur\u00e9e de lecture estim\u00e9e\" \/>\n\t<meta name=\"twitter:data1\" content=\"3 minutes\" \/>\n<script type=\"application\/ld+json\" class=\"yoast-schema-graph\">{\"@context\":\"https:\/\/schema.org\",\"@graph\":[{\"@type\":\"WebPage\",\"@id\":\"https:\/\/bluepro.pro\/shop\/display-model-anti-snoring-mouth-gard\/\",\"url\":\"https:\/\/bluepro.pro\/shop\/display-model-anti-snoring-mouth-gard\/\",\"name\":\"Display model pre-fitted with BluePro\u00ae anti-snoring mouth guard\",\"isPartOf\":{\"@id\":\"https:\/\/bluepro.pro\/#website\"},\"datePublished\":\"2021-04-06T15:52:30+00:00\",\"dateModified\":\"2024-12-03T09:13:55+00:00\",\"description\":\"Discover our display model, anti-snoring mouth guard pre-fitted for ultimate comfort and effective snoring relief. Peaceful nights with our BluePro orthesis.\",\"breadcrumb\":{\"@id\":\"https:\/\/bluepro.pro\/shop\/display-model-anti-snoring-mouth-gard\/#breadcrumb\"},\"inLanguage\":\"fr-FR\",\"potentialAction\":[{\"@type\":\"ReadAction\",\"target\":[\"https:\/\/bluepro.pro\/shop\/display-model-anti-snoring-mouth-gard\/\"]}]},{\"@type\":\"BreadcrumbList\",\"@id\":\"https:\/\/bluepro.pro\/shop\/display-model-anti-snoring-mouth-gard\/#breadcrumb\",\"itemListElement\":[{\"@type\":\"ListItem\",\"position\":1,\"name\":\"Home\",\"item\":\"https:\/\/bluepro.pro\/\"},{\"@type\":\"ListItem\",\"position\":2,\"name\":\"Shop\",\"item\":\"https:\/\/bluepro.pro\/shop\/\"},{\"@type\":\"ListItem\",\"position\":3,\"name\":\"Display model pre-fitted with BluePro\u00ae anti-snoring mouth guard\"}]},{\"@type\":\"WebSite\",\"@id\":\"https:\/\/bluepro.pro\/#website\",\"url\":\"https:\/\/bluepro.pro\/\",\"name\":\"BluePro\",\"description\":\"The first-line oral appliance in snoring and Obstructive Sleep Apnea (OSA)\",\"publisher\":{\"@id\":\"https:\/\/bluepro.pro\/#organization\"},\"alternateName\":\"Bluepro - Oral appliance\",\"potentialAction\":[{\"@type\":\"SearchAction\",\"target\":{\"@type\":\"EntryPoint\",\"urlTemplate\":\"https:\/\/bluepro.pro\/?s={search_term_string}\"},\"query-input\":\"required name=search_term_string\"}],\"inLanguage\":\"fr-FR\"},{\"@type\":\"Organization\",\"@id\":\"https:\/\/bluepro.pro\/#organization\",\"name\":\"BluePro\",\"alternateName\":\"Bluepro - Mandibular advancement orthosis\",\"url\":\"https:\/\/bluepro.pro\/\",\"logo\":{\"@type\":\"ImageObject\",\"inLanguage\":\"fr-FR\",\"@id\":\"https:\/\/bluepro.pro\/#\/schema\/logo\/image\/\",\"url\":\"https:\/\/bluepro.pro\/wp-content\/uploads\/2020\/12\/logo-bluepro.png\",\"contentUrl\":\"https:\/\/bluepro.pro\/wp-content\/uploads\/2020\/12\/logo-bluepro.png\",\"width\":186,\"height\":101,\"caption\":\"BluePro\"},\"image\":{\"@id\":\"https:\/\/bluepro.pro\/#\/schema\/logo\/image\/\"},\"sameAs\":[\"https:\/\/www.linkedin.com\/company\/newsom\/\",\"https:\/\/www.instagram.com\/bluepro_fr\/\",\"https:\/\/www.tiktok.com\/@blueprofr\"]}]}<\/script>\n<!-- \/ Yoast SEO plugin. -->","yoast_head_json":{"title":"Display model pre-fitted with BluePro\u00ae anti-snoring mouth guard","description":"Discover our display model, anti-snoring mouth guard pre-fitted for ultimate comfort and effective snoring relief. Peaceful nights with our BluePro orthesis.","robots":{"index":"index","follow":"follow","max-snippet":"max-snippet:-1","max-image-preview":"max-image-preview:large","max-video-preview":"max-video-preview:-1"},"canonical":"https:\/\/bluepro.pro\/fr\/shop\/machoire-presentation-equipee-bluepro\/","og_locale":"fr_FR","og_type":"article","og_title":"Display model pre-fitted with BluePro\u00ae anti-snoring mouth guard","og_description":"Discover our display model, anti-snoring mouth guard pre-fitted for ultimate comfort and effective snoring relief. Peaceful nights with our BluePro orthesis.","og_url":"https:\/\/bluepro.pro\/fr\/shop\/machoire-presentation-equipee-bluepro\/","og_site_name":"BluePro","article_modified_time":"2024-12-03T09:13:55+00:00","og_image":[{"width":600,"height":600,"url":"https:\/\/bluepro.pro\/wp-content\/uploads\/2020\/12\/Display-model-Bluepro.png","type":"image\/png"}],"twitter_card":"summary_large_image","twitter_misc":{"Dur\u00e9e de lecture estim\u00e9e":"3 minutes"},"schema":{"@context":"https:\/\/schema.org","@graph":[{"@type":"WebPage","@id":"https:\/\/bluepro.pro\/shop\/display-model-anti-snoring-mouth-gard\/","url":"https:\/\/bluepro.pro\/shop\/display-model-anti-snoring-mouth-gard\/","name":"Display model pre-fitted with BluePro\u00ae anti-snoring mouth guard","isPartOf":{"@id":"https:\/\/bluepro.pro\/#website"},"datePublished":"2021-04-06T15:52:30+00:00","dateModified":"2024-12-03T09:13:55+00:00","description":"Discover our display model, anti-snoring mouth guard pre-fitted for ultimate comfort and effective snoring relief. Peaceful nights with our BluePro orthesis.","breadcrumb":{"@id":"https:\/\/bluepro.pro\/shop\/display-model-anti-snoring-mouth-gard\/#breadcrumb"},"inLanguage":"fr-FR","potentialAction":[{"@type":"ReadAction","target":["https:\/\/bluepro.pro\/shop\/display-model-anti-snoring-mouth-gard\/"]}]},{"@type":"BreadcrumbList","@id":"https:\/\/bluepro.pro\/shop\/display-model-anti-snoring-mouth-gard\/#breadcrumb","itemListElement":[{"@type":"ListItem","position":1,"name":"Home","item":"https:\/\/bluepro.pro\/"},{"@type":"ListItem","position":2,"name":"Shop","item":"https:\/\/bluepro.pro\/shop\/"},{"@type":"ListItem","position":3,"name":"Display model pre-fitted with BluePro\u00ae anti-snoring mouth guard"}]},{"@type":"WebSite","@id":"https:\/\/bluepro.pro\/#website","url":"https:\/\/bluepro.pro\/","name":"BluePro","description":"The first-line oral appliance in snoring and Obstructive Sleep Apnea (OSA)","publisher":{"@id":"https:\/\/bluepro.pro\/#organization"},"alternateName":"Bluepro - Oral appliance","potentialAction":[{"@type":"SearchAction","target":{"@type":"EntryPoint","urlTemplate":"https:\/\/bluepro.pro\/?s={search_term_string}"},"query-input":"required name=search_term_string"}],"inLanguage":"fr-FR"},{"@type":"Organization","@id":"https:\/\/bluepro.pro\/#organization","name":"BluePro","alternateName":"Bluepro - Mandibular advancement orthosis","url":"https:\/\/bluepro.pro\/","logo":{"@type":"ImageObject","inLanguage":"fr-FR","@id":"https:\/\/bluepro.pro\/#\/schema\/logo\/image\/","url":"https:\/\/bluepro.pro\/wp-content\/uploads\/2020\/12\/logo-bluepro.png","contentUrl":"https:\/\/bluepro.pro\/wp-content\/uploads\/2020\/12\/logo-bluepro.png","width":186,"height":101,"caption":"BluePro"},"image":{"@id":"https:\/\/bluepro.pro\/#\/schema\/logo\/image\/"},"sameAs":["https:\/\/www.linkedin.com\/company\/newsom\/","https:\/\/www.instagram.com\/bluepro_fr\/","https:\/\/www.tiktok.com\/@blueprofr"]}]}},"_links":{"self":[{"href":"https:\/\/bluepro.pro\/fr\/wp-json\/wp\/v2\/product\/2293"}],"collection":[{"href":"https:\/\/bluepro.pro\/fr\/wp-json\/wp\/v2\/product"}],"about":[{"href":"https:\/\/bluepro.pro\/fr\/wp-json\/wp\/v2\/types\/product"}],"wp:featuredmedia":[{"embeddable":true,"href":"https:\/\/bluepro.pro\/fr\/wp-json\/wp\/v2\/media\/3306"}],"wp:attachment":[{"href":"https:\/\/bluepro.pro\/fr\/wp-json\/wp\/v2\/media?parent=2293"}],"wp:term":[{"taxonomy":"product_cat","embeddable":true,"href":"https:\/\/bluepro.pro\/fr\/wp-json\/wp\/v2\/product_cat?post=2293"},{"taxonomy":"product_tag","embeddable":true,"href":"https:\/\/bluepro.pro\/fr\/wp-json\/wp\/v2\/product_tag?post=2293"}],"curies":[{"name":"wp","href":"https:\/\/api.w.org\/{rel}","templated":true}]}}